{"id":26,"date":"2024-01-18T08:18:01","date_gmt":"2024-01-18T07:18:01","guid":{"rendered":"https:\/\/lagrandehuetamo.com\/?page_id=26"},"modified":"2026-02-05T07:29:37","modified_gmt":"2026-02-05T06:29:37","slug":"radio","status":"publish","type":"page","link":"https:\/\/lagrandehuetamo.com\/","title":{"rendered":"RADIO LA GRANDE DE HUETAMO"},"content":{"rendered":"\t\t<div data-elementor-type=\"wp-page\" data-elementor-id=\"26\" class=\"elementor elementor-26\">\n\t\t\t\t<div class=\"elementor-element elementor-element-19c528a e-con-full e-flex e-con e-parent\" data-id=\"19c528a\" data-element_type=\"container\" data-e-type=\"container\">\n\t\t\t\t<div class=\"elementor-element elementor-element-b602eb3 elementor-widget elementor-widget-html\" data-id=\"b602eb3\" data-element_type=\"widget\" data-e-type=\"widget\" data-widget_type=\"html.default\">\n\t\t\t\t<div class=\"elementor-widget-container\">\n\t\t\t\t\t<iframe src=\"https:\/\/lagrandehuetamo.com\/REPRO2\/\" style=\"width:100%; height:600px;\" scrolling=\"no\" frameborder=\"no\"><\/iframe>\t\t\t\t<\/div>\n\t\t\t\t<\/div>\n\t\t\t\t<\/div>\n\t\t<div class=\"elementor-element elementor-element-28070b7 e-flex e-con-boxed e-con e-parent\" data-id=\"28070b7\" data-element_type=\"container\" data-e-type=\"container\">\n\t\t\t\t\t<div class=\"e-con-inner\">\n\t\t\t\t<div class=\"elementor-element elementor-element-5b616a7 elementor-widget elementor-widget-heading\" data-id=\"5b616a7\" data-element_type=\"widget\" data-e-type=\"widget\" data-widget_type=\"heading.default\">\n\t\t\t\t<div class=\"elementor-widget-container\">\n\t\t\t\t\t<h2 class=\"elementor-heading-title elementor-size-default\">Esc\u00fachanos desde tu smartphone Esta App est\u00e1 disponible para todas las plataformas m\u00f3viles, Tan s\u00f3lo tendr\u00e1s que descargarlo desde la tienda de aplicaciones de tu dispositivo y b\u00fascanos con el nombre RADIO LA GRANDE DE HUETAMO<\/h2>\t\t\t\t<\/div>\n\t\t\t\t<\/div>\n\t\t\t\t\t<\/div>\n\t\t\t\t<\/div>\n\t\t<div class=\"elementor-element elementor-element-676d71c e-flex e-con-boxed e-con e-parent\" data-id=\"676d71c\" data-element_type=\"container\" data-e-type=\"container\">\n\t\t\t\t\t<div class=\"e-con-inner\">\n\t\t\t\t<div class=\"elementor-element elementor-element-b08ec19 elementor-widget elementor-widget-html\" data-id=\"b08ec19\" data-element_type=\"widget\" data-e-type=\"widget\" data-widget_type=\"html.default\">\n\t\t\t\t<div class=\"elementor-widget-container\">\n\t\t\t\t\t<iframe src=\"https:\/\/tunein.com\/embed\/player\/s339977\/\" style=\"width:100%; height:100px;\" scrolling=\"no\" frameborder=\"no\"><\/iframe>\t\t\t\t<\/div>\n\t\t\t\t<\/div>\n\t\t\t\t\t<\/div>\n\t\t\t\t<\/div>\n\t\t<div class=\"elementor-element elementor-element-f054846 e-con-full e-flex e-con e-parent\" data-id=\"f054846\" data-element_type=\"container\" data-e-type=\"container\">\n\t\t\t\t<div class=\"elementor-element elementor-element-2c122f4 elementor-widget elementor-widget-image\" data-id=\"2c122f4\" data-element_type=\"widget\" data-e-type=\"widget\" data-widget_type=\"image.default\">\n\t\t\t\t<div class=\"elementor-widget-container\">\n\t\t\t\t\t\t\t\t\t\t\t\t\t\t\t<img fetchpriority=\"high\" decoding=\"async\" width=\"1600\" height=\"235\" src=\"https:\/\/lagrandehuetamo.com\/wp-content\/uploads\/2024\/01\/WhatsApp-Image-2024-01-30-at-5.04.28-PM.jpeg\" class=\"attachment-2048x2048 size-2048x2048 wp-image-97\" alt=\"\" srcset=\"https:\/\/lagrandehuetamo.com\/wp-content\/uploads\/2024\/01\/WhatsApp-Image-2024-01-30-at-5.04.28-PM.jpeg 1600w, https:\/\/lagrandehuetamo.com\/wp-content\/uploads\/2024\/01\/WhatsApp-Image-2024-01-30-at-5.04.28-PM-300x44.jpeg 300w, https:\/\/lagrandehuetamo.com\/wp-content\/uploads\/2024\/01\/WhatsApp-Image-2024-01-30-at-5.04.28-PM-1024x150.jpeg 1024w, https:\/\/lagrandehuetamo.com\/wp-content\/uploads\/2024\/01\/WhatsApp-Image-2024-01-30-at-5.04.28-PM-768x113.jpeg 768w, https:\/\/lagrandehuetamo.com\/wp-content\/uploads\/2024\/01\/WhatsApp-Image-2024-01-30-at-5.04.28-PM-1536x226.jpeg 1536w\" sizes=\"(max-width: 1600px) 100vw, 1600px\" \/>\t\t\t\t\t\t\t\t\t\t\t\t\t\t\t<\/div>\n\t\t\t\t<\/div>\n\t\t\t\t<\/div>\n\t\t<div class=\"elementor-element elementor-element-b927173 e-flex e-con-boxed e-con e-parent\" data-id=\"b927173\" data-element_type=\"container\" data-e-type=\"container\">\n\t\t\t\t\t<div class=\"e-con-inner\">\n\t\t<div class=\"elementor-element elementor-element-b347379 e-con-full e-flex e-con e-child\" data-id=\"b347379\" data-element_type=\"container\" data-e-type=\"container\">\n\t\t\t\t<div class=\"elementor-element elementor-element-15d2a23 elementor-invisible elementor-widget elementor-widget-image\" data-id=\"15d2a23\" data-element_type=\"widget\" data-e-type=\"widget\" data-settings=\"{&quot;_animation&quot;:&quot;fadeInDown&quot;}\" data-widget_type=\"image.default\">\n\t\t\t\t<div class=\"elementor-widget-container\">\n\t\t\t\t\t\t\t\t\t\t\t\t\t\t\t<img decoding=\"async\" width=\"768\" height=\"768\" src=\"https:\/\/lagrandehuetamo.com\/wp-content\/uploads\/2024\/01\/Tunein-Radio-1.jpg\" class=\"attachment-large size-large wp-image-92\" alt=\"\" srcset=\"https:\/\/lagrandehuetamo.com\/wp-content\/uploads\/2024\/01\/Tunein-Radio-1.jpg 768w, https:\/\/lagrandehuetamo.com\/wp-content\/uploads\/2024\/01\/Tunein-Radio-1-300x300.jpg 300w, https:\/\/lagrandehuetamo.com\/wp-content\/uploads\/2024\/01\/Tunein-Radio-1-150x150.jpg 150w\" sizes=\"(max-width: 768px) 100vw, 768px\" \/>\t\t\t\t\t\t\t\t\t\t\t\t\t\t\t<\/div>\n\t\t\t\t<\/div>\n\t\t\t\t<\/div>\n\t\t<div class=\"elementor-element elementor-element-d8f02af e-con-full e-flex e-con e-child\" data-id=\"d8f02af\" data-element_type=\"container\" data-e-type=\"container\">\n\t\t\t\t<div class=\"elementor-element elementor-element-0407199 elementor-invisible elementor-widget elementor-widget-image\" data-id=\"0407199\" data-element_type=\"widget\" data-e-type=\"widget\" data-settings=\"{&quot;_animation&quot;:&quot;fadeInLeft&quot;}\" data-widget_type=\"image.default\">\n\t\t\t\t<div class=\"elementor-widget-container\">\n\t\t\t\t\t\t\t\t\t\t\t\t\t\t\t\t<a href=\"https:\/\/lagrandehuetamo.com\/APP\/\">\n\t\t\t\t\t\t\t<img decoding=\"async\" width=\"768\" height=\"768\" src=\"https:\/\/lagrandehuetamo.com\/wp-content\/uploads\/2025\/02\/Cast-Live.jpg\" class=\"attachment-large size-large wp-image-151\" alt=\"\" srcset=\"https:\/\/lagrandehuetamo.com\/wp-content\/uploads\/2025\/02\/Cast-Live.jpg 768w, https:\/\/lagrandehuetamo.com\/wp-content\/uploads\/2025\/02\/Cast-Live-300x300.jpg 300w, https:\/\/lagrandehuetamo.com\/wp-content\/uploads\/2025\/02\/Cast-Live-150x150.jpg 150w\" sizes=\"(max-width: 768px) 100vw, 768px\" \/>\t\t\t\t\t\t\t\t<\/a>\n\t\t\t\t\t\t\t\t\t\t\t\t\t\t\t<\/div>\n\t\t\t\t<\/div>\n\t\t\t\t<\/div>\n\t\t<div class=\"elementor-element elementor-element-b8c4e0c e-con-full e-flex e-con e-child\" data-id=\"b8c4e0c\" data-element_type=\"container\" data-e-type=\"container\">\n\t\t\t\t<div class=\"elementor-element elementor-element-9615345 elementor-invisible elementor-widget elementor-widget-image\" data-id=\"9615345\" data-element_type=\"widget\" data-e-type=\"widget\" data-settings=\"{&quot;_animation&quot;:&quot;fadeInUp&quot;}\" data-widget_type=\"image.default\">\n\t\t\t\t<div class=\"elementor-widget-container\">\n\t\t\t\t\t\t\t\t\t\t\t\t\t\t\t<img loading=\"lazy\" decoding=\"async\" width=\"768\" height=\"768\" src=\"https:\/\/lagrandehuetamo.com\/wp-content\/uploads\/2024\/01\/Tuner-Fm-1.jpg\" class=\"attachment-large size-large wp-image-93\" alt=\"\" srcset=\"https:\/\/lagrandehuetamo.com\/wp-content\/uploads\/2024\/01\/Tuner-Fm-1.jpg 768w, https:\/\/lagrandehuetamo.com\/wp-content\/uploads\/2024\/01\/Tuner-Fm-1-300x300.jpg 300w, https:\/\/lagrandehuetamo.com\/wp-content\/uploads\/2024\/01\/Tuner-Fm-1-150x150.jpg 150w\" sizes=\"(max-width: 768px) 100vw, 768px\" \/>\t\t\t\t\t\t\t\t\t\t\t\t\t\t\t<\/div>\n\t\t\t\t<\/div>\n\t\t\t\t<\/div>\n\t\t\t\t\t<\/div>\n\t\t\t\t<\/div>\n\t\t<div class=\"elementor-element elementor-element-eb76fdd e-con-full e-flex e-con e-parent\" data-id=\"eb76fdd\" data-element_type=\"container\" data-e-type=\"container\">\n\t\t<div class=\"elementor-element elementor-element-0460333 e-con-full e-flex e-con e-child\" data-id=\"0460333\" data-element_type=\"container\" data-e-type=\"container\">\n\t\t\t\t<div class=\"elementor-element elementor-element-fa575f1 elementor-widget elementor-widget-heading\" data-id=\"fa575f1\" data-element_type=\"widget\" data-e-type=\"widget\" data-widget_type=\"heading.default\">\n\t\t\t\t<div class=\"elementor-widget-container\">\n\t\t\t\t\t<h2 class=\"elementor-heading-title elementor-size-default\">\u201cNo eres lo que logras, eres lo que superas\u201d<\/h2>\t\t\t\t<\/div>\n\t\t\t\t<\/div>\n\t\t\t\t<div class=\"elementor-element elementor-element-118f258 elementor-widget elementor-widget-html\" data-id=\"118f258\" data-element_type=\"widget\" data-e-type=\"widget\" data-widget_type=\"html.default\">\n\t\t\t\t<div class=\"elementor-widget-container\">\n\t\t\t\t\t<div id=\"fb-root\"><\/div>\r\n<script async defer crossorigin=\"anonymous\" src=\"https:\/\/connect.facebook.net\/es_ES\/sdk.js#xfbml=1&version=v22.0\"><\/script><div class=\"fb-page\" data-href=\"https:\/\/www.facebook.com\/profile.php?id=100066418721247\" data-tabs=\"timeline\" data-width=\"\" data-height=\"\" data-small-header=\"false\" data-adapt-container-width=\"true\" data-hide-cover=\"false\" data-show-facepile=\"true\"><blockquote cite=\"https:\/\/www.facebook.com\/profile.php?id=100066418721247\" class=\"fb-xfbml-parse-ignore\"><a href=\"https:\/\/www.facebook.com\/profile.php?id=100066418721247\">Radio La Grande de Huetamo<\/a><\/blockquote><\/div>\t\t\t\t<\/div>\n\t\t\t\t<\/div>\n\t\t\t\t<div class=\"elementor-element elementor-element-07695e6 elementor-widget elementor-widget-image\" data-id=\"07695e6\" data-element_type=\"widget\" data-e-type=\"widget\" data-widget_type=\"image.default\">\n\t\t\t\t<div class=\"elementor-widget-container\">\n\t\t\t\t\t\t\t\t\t\t\t\t\t\t\t<img loading=\"lazy\" decoding=\"async\" width=\"413\" height=\"111\" src=\"https:\/\/lagrandehuetamo.com\/wp-content\/uploads\/2025\/02\/f.jpeg\" class=\"attachment-large size-large wp-image-167\" alt=\"\" srcset=\"https:\/\/lagrandehuetamo.com\/wp-content\/uploads\/2025\/02\/f.jpeg 413w, https:\/\/lagrandehuetamo.com\/wp-content\/uploads\/2025\/02\/f-300x81.jpeg 300w\" sizes=\"(max-width: 413px) 100vw, 413px\" \/>\t\t\t\t\t\t\t\t\t\t\t\t\t\t\t<\/div>\n\t\t\t\t<\/div>\n\t\t\t\t<\/div>\n\t\t<div class=\"elementor-element elementor-element-cc9b0e4 e-con-full e-flex e-con e-child\" data-id=\"cc9b0e4\" data-element_type=\"container\" data-e-type=\"container\">\n\t\t\t\t<div class=\"elementor-element elementor-element-c0408e2 elementor-widget elementor-widget-heading\" data-id=\"c0408e2\" data-element_type=\"widget\" data-e-type=\"widget\" data-widget_type=\"heading.default\">\n\t\t\t\t<div class=\"elementor-widget-container\">\n\t\t\t\t\t<h2 class=\"elementor-heading-title elementor-size-default\">\u201cNo todos los d\u00edas ser\u00e1s fuerte, pero todos los d\u00edas puedes elegir ser valiente\u201d<\/h2>\t\t\t\t<\/div>\n\t\t\t\t<\/div>\n\t\t\t\t<div class=\"elementor-element elementor-element-193b856 elementor-widget elementor-widget-image\" data-id=\"193b856\" data-element_type=\"widget\" data-e-type=\"widget\" data-widget_type=\"image.default\">\n\t\t\t\t<div class=\"elementor-widget-container\">\n\t\t\t\t\t\t\t\t\t\t\t\t\t\t\t<img loading=\"lazy\" decoding=\"async\" width=\"1024\" height=\"189\" src=\"https:\/\/lagrandehuetamo.com\/wp-content\/uploads\/2024\/01\/deja-tu-comentario-1024x189.png\" class=\"attachment-large size-large wp-image-115\" alt=\"\" srcset=\"https:\/\/lagrandehuetamo.com\/wp-content\/uploads\/2024\/01\/deja-tu-comentario-1024x189.png 1024w, https:\/\/lagrandehuetamo.com\/wp-content\/uploads\/2024\/01\/deja-tu-comentario-300x55.png 300w, https:\/\/lagrandehuetamo.com\/wp-content\/uploads\/2024\/01\/deja-tu-comentario-768x142.png 768w, https:\/\/lagrandehuetamo.com\/wp-content\/uploads\/2024\/01\/deja-tu-comentario.png 1280w\" sizes=\"(max-width: 1024px) 100vw, 1024px\" \/>\t\t\t\t\t\t\t\t\t\t\t\t\t\t\t<\/div>\n\t\t\t\t<\/div>\n\t\t\t\t<div class=\"elementor-element elementor-element-1c735fd elementor-widget elementor-widget-html\" data-id=\"1c735fd\" data-element_type=\"widget\" data-e-type=\"widget\" data-widget_type=\"html.default\">\n\t\t\t\t<div class=\"elementor-widget-container\">\n\t\t\t\t\t<iframe src=\"https:\/\/www3.cbox.ws\/box\/?boxid=3544604&boxtag=OcLQXB\" width=\"100%\" height=\"450\" allowtransparency=\"yes\" allow=\"autoplay\" frameborder=\"0\" marginheight=\"0\" marginwidth=\"0\" scrolling=\"auto\"><\/iframe>\t\t\t\t\t<\/div>\n\t\t\t\t<\/div>\n\t\t\t\t<div class=\"elementor-element elementor-element-9f5c15c elementor-arrows-position-inside elementor-pagination-position-outside elementor-widget elementor-widget-image-carousel\" data-id=\"9f5c15c\" data-element_type=\"widget\" data-e-type=\"widget\" data-settings=\"{&quot;autoplay_speed&quot;:2000,&quot;speed&quot;:707,&quot;navigation&quot;:&quot;both&quot;,&quot;autoplay&quot;:&quot;yes&quot;,&quot;infinite&quot;:&quot;yes&quot;}\" data-widget_type=\"image-carousel.default\">\n\t\t\t\t<div class=\"elementor-widget-container\">\n\t\t\t\t\t\t\t<div class=\"elementor-image-carousel-wrapper swiper\" role=\"region\" aria-roledescription=\"carousel\" aria-label=\"Image Carousel\" dir=\"ltr\">\n\t\t\t<div class=\"elementor-image-carousel swiper-wrapper\" aria-live=\"off\">\n\t\t\t\t\t\t\t\t<div class=\"swiper-slide\" role=\"group\" aria-roledescription=\"slide\" aria-label=\"1 of 3\"><figure class=\"swiper-slide-inner\"><img decoding=\"async\" class=\"swiper-slide-image\" src=\"https:\/\/lagrandehuetamo.com\/wp-content\/uploads\/2025\/02\/tuneind.jpg\" alt=\"tuneind\" \/><\/figure><\/div><div class=\"swiper-slide\" role=\"group\" aria-roledescription=\"slide\" aria-label=\"2 of 3\"><figure class=\"swiper-slide-inner\"><img decoding=\"async\" class=\"swiper-slide-image\" src=\"https:\/\/lagrandehuetamo.com\/wp-content\/uploads\/2025\/02\/hggg.jpg\" alt=\"hggg\" \/><\/figure><\/div><div class=\"swiper-slide\" role=\"group\" aria-roledescription=\"slide\" aria-label=\"3 of 3\"><figure class=\"swiper-slide-inner\"><img decoding=\"async\" class=\"swiper-slide-image\" src=\"https:\/\/lagrandehuetamo.com\/wp-content\/uploads\/2025\/02\/OIP-7.jpg\" alt=\"OIP-7\" \/><\/figure><\/div>\t\t\t<\/div>\n\t\t\t\t\t\t\t\t\t\t\t\t<div class=\"elementor-swiper-button elementor-swiper-button-prev\" role=\"button\" tabindex=\"0\">\n\t\t\t\t\t\t<svg aria-hidden=\"true\" class=\"e-font-icon-svg e-eicon-chevron-left\" viewBox=\"0 0 1000 1000\" xmlns=\"http:\/\/www.w3.org\/2000\/svg\"><path d=\"M646 125C629 125 613 133 604 142L308 442C296 454 292 471 292 487 292 504 296 521 308 533L604 854C617 867 629 875 646 875 663 875 679 871 692 858 704 846 713 829 713 812 713 796 708 779 692 767L438 487 692 225C700 217 708 204 708 187 708 171 704 154 692 142 675 129 663 125 646 125Z\"><\/path><\/svg>\t\t\t\t\t<\/div>\n\t\t\t\t\t<div class=\"elementor-swiper-button elementor-swiper-button-next\" role=\"button\" tabindex=\"0\">\n\t\t\t\t\t\t<svg aria-hidden=\"true\" class=\"e-font-icon-svg e-eicon-chevron-right\" viewBox=\"0 0 1000 1000\" xmlns=\"http:\/\/www.w3.org\/2000\/svg\"><path d=\"M696 533C708 521 713 504 713 487 713 471 708 454 696 446L400 146C388 133 375 125 354 125 338 125 325 129 313 142 300 154 292 171 292 187 292 204 296 221 308 233L563 492 304 771C292 783 288 800 288 817 288 833 296 850 308 863 321 871 338 875 354 875 371 875 388 867 400 854L696 533Z\"><\/path><\/svg>\t\t\t\t\t<\/div>\n\t\t\t\t\n\t\t\t\t\t\t\t\t\t<div class=\"swiper-pagination\"><\/div>\n\t\t\t\t\t\t\t\t\t<\/div>\n\t\t\t\t\t\t<\/div>\n\t\t\t\t<\/div>\n\t\t\t\t<\/div>\n\t\t\t\t<\/div>\n\t\t<div class=\"elementor-element elementor-element-c3a2c0c e-flex e-con-boxed e-con e-parent\" data-id=\"c3a2c0c\" data-element_type=\"container\" data-e-type=\"container\">\n\t\t\t\t\t<div class=\"e-con-inner\">\n\t\t\t\t<div class=\"elementor-element elementor-element-5b7f692 elementor-widget elementor-widget-video\" data-id=\"5b7f692\" data-element_type=\"widget\" data-e-type=\"widget\" data-settings=\"{&quot;youtube_url&quot;:&quot;https:\\\/\\\/www.youtube.com\\\/watch?v=WISDsCyEupg&amp;list=PL--xw7LuNqvlomcZeOF--zInEyUUsdQoj&quot;,&quot;video_type&quot;:&quot;youtube&quot;,&quot;controls&quot;:&quot;yes&quot;}\" data-widget_type=\"video.default\">\n\t\t\t\t<div class=\"elementor-widget-container\">\n\t\t\t\t\t\t\t<div class=\"elementor-wrapper elementor-open-inline\">\n\t\t\t<div class=\"elementor-video\"><\/div>\t\t<\/div>\n\t\t\t\t\t\t<\/div>\n\t\t\t\t<\/div>\n\t\t\t\t\t<\/div>\n\t\t\t\t<\/div>\n\t\t\t\t<\/div>\n\t\t","protected":false},"excerpt":{"rendered":"<p>Esc\u00fachanos desde tu smartphone Esta App est\u00e1 disponible para todas las plataformas m\u00f3viles, Tan s\u00f3lo tendr\u00e1s que descargarlo desde la tienda de aplicaciones de tu dispositivo y b\u00fascanos con el nombre RADIO LA GRANDE DE HUETAMO \u201cNo eres lo que logras, eres lo que superas\u201d Radio La Grande de Huetamo \u201cNo todos los d\u00edas ser\u00e1s &hellip; <\/p>\n<p><a class=\"more-link btn\" href=\"https:\/\/lagrandehuetamo.com\/\">Continue reading<\/a><\/p>\n","protected":false},"author":1,"featured_media":0,"parent":0,"menu_order":0,"comment_status":"closed","ping_status":"closed","template":"","meta":{"footnotes":""},"class_list":["post-26","page","type-page","status-publish","hentry","nodate","item-wrap"],"_links":{"self":[{"href":"https:\/\/lagrandehuetamo.com\/index.php\/wp-json\/wp\/v2\/pages\/26","targetHints":{"allow":["GET"]}}],"collection":[{"href":"https:\/\/lagrandehuetamo.com\/index.php\/wp-json\/wp\/v2\/pages"}],"about":[{"href":"https:\/\/lagrandehuetamo.com\/index.php\/wp-json\/wp\/v2\/types\/page"}],"author":[{"embeddable":true,"href":"https:\/\/lagrandehuetamo.com\/index.php\/wp-json\/wp\/v2\/users\/1"}],"replies":[{"embeddable":true,"href":"https:\/\/lagrandehuetamo.com\/index.php\/wp-json\/wp\/v2\/comments?post=26"}],"version-history":[{"count":125,"href":"https:\/\/lagrandehuetamo.com\/index.php\/wp-json\/wp\/v2\/pages\/26\/revisions"}],"predecessor-version":[{"id":256,"href":"https:\/\/lagrandehuetamo.com\/index.php\/wp-json\/wp\/v2\/pages\/26\/revisions\/256"}],"wp:attachment":[{"href":"https:\/\/lagrandehuetamo.com\/index.php\/wp-json\/wp\/v2\/media?parent=26"}],"curies":[{"name":"wp","href":"https:\/\/api.w.org\/{rel}","templated":true}]}}